{"id":3,"date":"2024-08-21T19:41:19","date_gmt":"2024-08-21T19:41:19","guid":{"rendered":"https:\/\/horbudokna.pl\/?page_id=3"},"modified":"2025-08-12T08:36:30","modified_gmt":"2025-08-12T08:36:30","slug":"polityka-prywatnosci","status":"publish","type":"page","link":"https:\/\/horbudokna.pl\/de\/polityka-prywatnosci\/","title":{"rendered":"Datenschutzbestimmungen"},"content":{"rendered":"<div data-elementor-type=\"wp-page\" data-elementor-id=\"3\" class=\"elementor elementor-3\" data-elementor-post-type=\"page\">\n\t\t\t\t\t\t<section class=\"elementor-section elementor-top-section elementor-element elementor-element-7be4213b elementor-section-boxed elementor-section-height-default elementor-section-height-default\" data-id=\"7be4213b\" data-element_type=\"section\" data-e-type=\"section\" data-settings=\"{&quot;background_background&quot;:&quot;classic&quot;}\">\n\t\t\t\t\t\t\t<div class=\"elementor-background-overlay\"><\/div>\n\t\t\t\t\t\t\t<div class=\"elementor-container elementor-column-gap-default\">\n\t\t\t\t\t<div class=\"elementor-column elementor-col-50 elementor-top-column elementor-element elementor-element-560f028b\" data-id=\"560f028b\" data-element_type=\"column\" data-e-type=\"column\">\n\t\t\t<div class=\"elementor-widget-wrap elementor-element-populated\">\n\t\t\t\t\t\t<div class=\"elementor-element elementor-element-31a92109 elementor-icon-list--layout-inline elementor-align-start elementor-list-item-link-full_width elementor-widget elementor-widget-icon-list\" data-id=\"31a92109\" data-element_type=\"widget\" data-e-type=\"widget\" data-widget_type=\"icon-list.default\">\n\t\t\t\t<div class=\"elementor-widget-container\">\n\t\t\t\t\t\t\t<ul class=\"elementor-icon-list-items elementor-inline-items\">\n\t\t\t\t\t\t\t<li class=\"elementor-icon-list-item elementor-inline-item\">\n\t\t\t\t\t\t\t\t\t\t\t<a href=\"https:\/\/horbudokna.pl\/de\">\n\n\t\t\t\t\t\t\t\t\t\t\t<span class=\"elementor-icon-list-text\">Startseite<\/span>\n\t\t\t\t\t\t\t\t\t\t\t<\/a>\n\t\t\t\t\t\t\t\t\t<\/li>\n\t\t\t\t\t\t\t\t<li class=\"elementor-icon-list-item elementor-inline-item\">\n\t\t\t\t\t\t\t\t\t\t\t<span class=\"elementor-icon-list-icon\">\n\t\t\t\t\t\t\t<svg aria-hidden=\"true\" class=\"e-font-icon-svg e-fas-angle-right\" viewbox=\"0 0 256 512\" xmlns=\"http:\/\/www.w3.org\/2000\/svg\"><path d=\"M224.3 273l-136 136c-9.4 9.4-24.6 9.4-33.9 0l-22.6-22.6c-9.4-9.4-9.4-24.6 0-33.9l96.4-96.4-96.4-96.4c-9.4-9.4-9.4-24.6 0-33.9L54.3 103c9.4-9.4 24.6-9.4 33.9 0l136 136c9.5 9.4 9.5 24.6.1 34z\"><\/path><\/svg>\t\t\t\t\t\t<\/span>\n\t\t\t\t\t\t\t\t\t\t<span class=\"elementor-icon-list-text\"><\/span>\n\t\t\t\t\t\t\t\t\t<\/li>\n\t\t\t\t\t\t<\/ul>\n\t\t\t\t\t\t<\/div>\n\t\t\t\t<\/div>\n\t\t\t\t\t<\/div>\n\t\t<\/div>\n\t\t\t\t<div class=\"elementor-column elementor-col-50 elementor-top-column elementor-element elementor-element-47ec0d46\" data-id=\"47ec0d46\" data-element_type=\"column\" data-e-type=\"column\">\n\t\t\t<div class=\"elementor-widget-wrap\">\n\t\t\t\t\t\t\t<\/div>\n\t\t<\/div>\n\t\t\t\t\t<\/div>\n\t\t<\/section>\n\t\t\t\t<section class=\"elementor-section elementor-top-section elementor-element elementor-element-2b31be9a elementor-section-boxed elementor-section-height-default elementor-section-height-default\" data-id=\"2b31be9a\" data-element_type=\"section\" data-e-type=\"section\">\n\t\t\t\t\t\t<div class=\"elementor-container elementor-column-gap-default\">\n\t\t\t\t\t<div class=\"elementor-column elementor-col-100 elementor-top-column elementor-element elementor-element-222905d5\" data-id=\"222905d5\" data-element_type=\"column\" data-e-type=\"column\">\n\t\t\t<div class=\"elementor-widget-wrap elementor-element-populated\">\n\t\t\t\t\t\t<div class=\"elementor-element elementor-element-21e7ab5d elementor-invisible elementor-widget elementor-widget-heading\" data-id=\"21e7ab5d\" data-element_type=\"widget\" data-e-type=\"widget\" data-settings=\"{&quot;_animation&quot;:&quot;fadeInUp&quot;,&quot;_animation_delay&quot;:200}\" data-widget_type=\"heading.default\">\n\t\t\t\t<div class=\"elementor-widget-container\">\n\t\t\t\t\t<h2 class=\"elementor-heading-title elementor-size-default\">Polityka prywatno\u015bci<\/h2>\t\t\t\t<\/div>\n\t\t\t\t<\/div>\n\t\t\t\t<div class=\"elementor-element elementor-element-1950d273 elementor-widget elementor-widget-text-editor\" data-id=\"1950d273\" data-element_type=\"widget\" data-e-type=\"widget\" data-widget_type=\"text-editor.default\">\n\t\t\t\t<div class=\"elementor-widget-container\">\n\t\t\t\t\t\t\t\t\t<p data-start=\"421\" data-end=\"641\">Firma <strong data-start=\"427\" data-end=\"437\">HORBUD<\/strong> przyk\u0142ada du\u017c\u0105 wag\u0119 do ochrony prywatno\u015bci swoich klient\u00f3w i u\u017cytkownik\u00f3w strony internetowej. Niniejsza polityka prywatno\u015bci wyja\u015bnia, w jaki spos\u00f3b gromadzimy, wykorzystujemy i chronimy dane osobowe.<\/p>\n<h3 data-start=\"643\" data-end=\"672\">1. Administrator danych<\/h3>\n<p data-start=\"673\" data-end=\"720\">Administratorem Twoich danych osobowych jest:<\/p>\n<p data-start=\"722\" data-end=\"840\">HORBUD<br data-start=\"728\" data-end=\"731\" \/>Telefon: Adam \u2013 <strong data-start=\"747\" data-end=\"766\">+49 174 3723730<\/strong><br data-start=\"766\" data-end=\"769\" \/>Telefon: Kuba \u2013 <strong data-start=\"785\" data-end=\"804\">+49 174 9046339<\/strong><br data-start=\"804\" data-end=\"807\" \/>E-mail: <strong data-start=\"815\" data-end=\"840\"><a class=\"cursor-pointer\" rel=\"noopener\" data-start=\"817\" data-end=\"838\">kontakt@horbudokna.pl<\/a><\/strong><\/p>\n<h3 data-start=\"842\" data-end=\"875\">2. Zakres zbieranych danych<\/h3>\n<p data-start=\"876\" data-end=\"920\">Mo\u017cemy gromadzi\u0107 nast\u0119puj\u0105ce dane osobowe:<\/p>\n<ul data-start=\"921\" data-end=\"1085\">\n<li data-start=\"921\" data-end=\"940\">\n<p data-start=\"923\" data-end=\"940\">Imi\u0119 i nazwisko<\/p>\n<\/li>\n<li data-start=\"941\" data-end=\"957\">\n<p data-start=\"943\" data-end=\"957\">Adres e-mail<\/p>\n<\/li>\n<li data-start=\"958\" data-end=\"976\">\n<p data-start=\"960\" data-end=\"976\">Numer telefonu<\/p>\n<\/li>\n<li data-start=\"977\" data-end=\"1035\">\n<p data-start=\"979\" data-end=\"1035\">Adres zamieszkania lub siedziby (w przypadku klient\u00f3w)<\/p>\n<\/li>\n<li data-start=\"1036\" data-end=\"1085\">\n<p data-start=\"1038\" data-end=\"1085\">Dane niezb\u0119dne do realizacji umowy lub wyceny<\/p>\n<\/li>\n<\/ul>\n<h3 data-start=\"1087\" data-end=\"1120\">3. Cel przetwarzania danych<\/h3>\n<p data-start=\"1121\" data-end=\"1154\">Twoje dane przetwarzamy w celu:<\/p>\n<ul data-start=\"1155\" data-end=\"1374\">\n<li data-start=\"1155\" data-end=\"1190\">\n<p data-start=\"1157\" data-end=\"1190\">przygotowania oferty lub wyceny<\/p>\n<\/li>\n<li data-start=\"1191\" data-end=\"1237\">\n<p data-start=\"1193\" data-end=\"1237\">realizacji us\u0142ug monta\u017cu i sprzeda\u017cy okien<\/p>\n<\/li>\n<li data-start=\"1238\" data-end=\"1297\">\n<p data-start=\"1240\" data-end=\"1297\">obs\u0142ugi zapyta\u0144 przesy\u0142anych przez formularz lub e-mail<\/p>\n<\/li>\n<li data-start=\"1298\" data-end=\"1338\">\n<p data-start=\"1300\" data-end=\"1338\">prowadzenia korespondencji handlowej<\/p>\n<\/li>\n<li data-start=\"1339\" data-end=\"1374\">\n<p data-start=\"1341\" data-end=\"1374\">wype\u0142nienia obowi\u0105zk\u00f3w prawnych<\/p>\n<\/li>\n<\/ul>\n<h3 data-start=\"1376\" data-end=\"1414\">4. Podstawa prawna przetwarzania<\/h3>\n<p data-start=\"1415\" data-end=\"1451\">Dane przetwarzane s\u0105 na podstawie:<\/p>\n<ul data-start=\"1452\" data-end=\"1677\">\n<li data-start=\"1452\" data-end=\"1534\">\n<p data-start=\"1454\" data-end=\"1534\">Art. 6 ust. 1 lit. b RODO \u2013 realizacja umowy lub dzia\u0142ania przed jej zawarciem<\/p>\n<\/li>\n<li data-start=\"1535\" data-end=\"1583\">\n<p data-start=\"1537\" data-end=\"1583\">Art. 6 ust. 1 lit. c RODO \u2013 obowi\u0105zki prawne<\/p>\n<\/li>\n<li data-start=\"1584\" data-end=\"1677\">\n<p data-start=\"1586\" data-end=\"1677\">Art. 6 ust. 1 lit. f RODO \u2013 uzasadniony interes administratora (m.in. kontakt z klientem)<\/p>\n<\/li>\n<\/ul>\n<h3 data-start=\"1679\" data-end=\"1715\">5. Okres przechowywania danych<\/h3>\n<p data-start=\"1716\" data-end=\"1864\">Dane osobowe przechowujemy przez czas niezb\u0119dny do realizacji cel\u00f3w, dla kt\u00f3rych zosta\u0142y zebrane, lub tak d\u0142ugo, jak wymagaj\u0105 tego przepisy prawa.<\/p>\n<h3 data-start=\"1866\" data-end=\"1895\">6. Udost\u0119pnianie danych<\/h3>\n<p data-start=\"1896\" data-end=\"1925\">Dane mog\u0105 by\u0107 przekazywane:<\/p>\n<ul data-start=\"1926\" data-end=\"2091\">\n<li data-start=\"1926\" data-end=\"1986\">\n<p data-start=\"1928\" data-end=\"1986\">firmom kurierskim i transportowym w celu dostawy towar\u00f3w<\/p>\n<\/li>\n<li data-start=\"1987\" data-end=\"2036\">\n<p data-start=\"1989\" data-end=\"2036\">dostawcom us\u0142ug IT w celu utrzymania system\u00f3w<\/p>\n<\/li>\n<li data-start=\"2037\" data-end=\"2091\">\n<p data-start=\"2039\" data-end=\"2091\">podmiotom uprawnionym na podstawie przepis\u00f3w prawa<\/p>\n<\/li>\n<\/ul>\n<h3 data-start=\"2093\" data-end=\"2134\">7. Prawa osoby, kt\u00f3rej dane dotycz\u0105<\/h3>\n<p data-start=\"2135\" data-end=\"2151\">Masz prawo do:<\/p>\n<ul data-start=\"2152\" data-end=\"2488\">\n<li data-start=\"2152\" data-end=\"2180\">\n<p data-start=\"2154\" data-end=\"2180\">dost\u0119pu do swoich danych<\/p>\n<\/li>\n<li data-start=\"2181\" data-end=\"2204\">\n<p data-start=\"2183\" data-end=\"2204\">sprostowania danych<\/p>\n<\/li>\n<li data-start=\"2205\" data-end=\"2256\">\n<p data-start=\"2207\" data-end=\"2256\">usuni\u0119cia danych (\u201eprawo do bycia zapomnianym\u201d)<\/p>\n<\/li>\n<li data-start=\"2257\" data-end=\"2287\">\n<p data-start=\"2259\" data-end=\"2287\">ograniczenia przetwarzania<\/p>\n<\/li>\n<li data-start=\"2288\" data-end=\"2311\">\n<p data-start=\"2290\" data-end=\"2311\">przenoszenia danych<\/p>\n<\/li>\n<li data-start=\"2312\" data-end=\"2356\">\n<p data-start=\"2314\" data-end=\"2356\">wniesienia sprzeciwu wobec przetwarzania<\/p>\n<\/li>\n<li data-start=\"2357\" data-end=\"2488\">\n<p data-start=\"2359\" data-end=\"2488\">wniesienia skargi do organu nadzorczego (np. <strong data-start=\"2404\" data-end=\"2485\">Der Bundesbeauftragte f\u00fcr den Datenschutz und die Informationsfreiheit \u2013 BfDI<\/strong>)<\/p>\n<\/li>\n<\/ul>\n<h3 data-start=\"2490\" data-end=\"2512\">8. Pliki cookies<\/h3>\n<p data-start=\"2513\" data-end=\"2734\">Nasza strona internetowa mo\u017ce korzysta\u0107 z plik\u00f3w cookies w celu zapewnienia prawid\u0142owego dzia\u0142ania, analizy ruchu oraz personalizacji tre\u015bci. U\u017cytkownik mo\u017ce zarz\u0105dza\u0107 plikami cookies w ustawieniach swojej przegl\u0105darki.<\/p>\n<h3 data-start=\"2736\" data-end=\"2752\">9. Kontakt<\/h3>\n<p data-start=\"2753\" data-end=\"2842\">W sprawach zwi\u0105zanych z przetwarzaniem danych osobowych mo\u017cesz si\u0119 z nami skontaktowa\u0107:<\/p>\n<p data-start=\"2844\" data-end=\"2954\">HORBUD<br data-start=\"2850\" data-end=\"2853\" \/>E-mail: <strong data-start=\"2861\" data-end=\"2886\"><a class=\"cursor-pointer\" rel=\"noopener\" data-start=\"2863\" data-end=\"2884\">kontakt@horbudokna.pl<\/a><\/strong><br data-start=\"2886\" data-end=\"2889\" \/>Telefon: Adam \u2013 <strong data-start=\"2905\" data-end=\"2924\">+49 174 3723730<\/strong>, Kuba \u2013 <strong data-start=\"2933\" data-end=\"2952\">+49 174 9046339<\/strong><\/p>\t\t\t\t\t\t\t\t<\/div>\n\t\t\t\t<\/div>\n\t\t\t\t\t<\/div>\n\t\t<\/div>\n\t\t\t\t\t<\/div>\n\t\t<\/section>\n\t\t\t\t<\/div>","protected":false},"excerpt":{"rendered":"<p>Home Polityka prywatno\u015bci Firma HORBUD przyk\u0142ada du\u017c\u0105 wag\u0119 do ochrony prywatno\u015bci swoich klient\u00f3w i u\u017cytkownik\u00f3w strony internetowej. Niniejsza polityka prywatno\u015bci wyja\u015bnia, w jaki spos\u00f3b gromadzimy, wykorzystujemy i chronimy dane osobowe. 1. Administrator danych Administratorem Twoich danych osobowych jest: HORBUDTelefon: Adam \u2013 +49 174 3723730Telefon: Kuba \u2013 +49 174 9046339E-mail: kontakt@horbudokna.pl 2. Zakres zbieranych danych Mo\u017cemy [&hellip;]<\/p>\n","protected":false},"author":1,"featured_media":0,"parent":0,"menu_order":0,"comment_status":"closed","ping_status":"closed","template":"elementor_header_footer","meta":{"footnotes":""},"class_list":["post-3","page","type-page","status-publish","hentry"],"_links":{"self":[{"href":"https:\/\/horbudokna.pl\/de\/wp-json\/wp\/v2\/pages\/3","targetHints":{"allow":["GET"]}}],"collection":[{"href":"https:\/\/horbudokna.pl\/de\/wp-json\/wp\/v2\/pages"}],"about":[{"href":"https:\/\/horbudokna.pl\/de\/wp-json\/wp\/v2\/types\/page"}],"author":[{"embeddable":true,"href":"https:\/\/horbudokna.pl\/de\/wp-json\/wp\/v2\/users\/1"}],"replies":[{"embeddable":true,"href":"https:\/\/horbudokna.pl\/de\/wp-json\/wp\/v2\/comments?post=3"}],"version-history":[{"count":5,"href":"https:\/\/horbudokna.pl\/de\/wp-json\/wp\/v2\/pages\/3\/revisions"}],"predecessor-version":[{"id":235,"href":"https:\/\/horbudokna.pl\/de\/wp-json\/wp\/v2\/pages\/3\/revisions\/235"}],"wp:attachment":[{"href":"https:\/\/horbudokna.pl\/de\/wp-json\/wp\/v2\/media?parent=3"}],"curies":[{"name":"wp","href":"https:\/\/api.w.org\/{rel}","templated":true}]}}